{"id":19,"date":"2023-11-12T18:07:02","date_gmt":"2023-11-12T18:07:02","guid":{"rendered":"http:\/\/lillia.demos-studiosaroya.com\/?page_id=2"},"modified":"2025-07-17T11:08:00","modified_gmt":"2025-07-17T09:08:00","slug":"about","status":"publish","type":"page","link":"https:\/\/hello-jane.fr\/index.php\/about\/","title":{"rendered":"About"},"content":{"rendered":"<style>.kb-row-layout-id19_e43e58-84 > .kt-row-column-wrap{align-content:center;}:where(.kb-row-layout-id19_e43e58-84 > .kt-row-column-wrap) > .wp-block-kadence-column{justify-content:center;}.kb-row-layout-id19_e43e58-84 > .kt-row-column-wrap{column-gap:50px;row-gap:50px;max-width:1100px;margin-left:auto;margin-right:auto;padding-top:0em;padding-right:2em;padding-bottom:5em;padding-left:2em;grid-template-columns:minmax(0, calc(45% - ((50px * 1 )\/2)))minmax(0, calc(55% - ((50px * 1 )\/2)));}.kb-row-layout-id19_e43e58-84 > .kt-row-layout-overlay{opacity:0.30;}@media all and (max-width: 1024px){.kb-row-layout-id19_e43e58-84 > .kt-row-column-wrap{grid-template-columns:minmax(0, 1fr) minmax(0, 2fr);}}@media all and (max-width: 767px){.kb-row-layout-id19_e43e58-84 > .kt-row-column-wrap{grid-template-columns:minmax(0, 1fr);}}<\/style><div class=\"kb-row-layout-wrap kb-row-layout-id19_e43e58-84 alignnone wp-block-kadence-rowlayout\"><div class=\"kt-row-column-wrap kt-has-2-columns kt-row-layout-right-golden kt-tab-layout-inherit kt-mobile-layout-row kt-row-valign-middle\">\n<style>.kadence-column19_d7a391-2e > .kt-inside-inner-col,.kadence-column19_d7a391-2e > .kt-inside-inner-col:before{border-top-left-radius:0px;border-top-right-radius:0px;border-bottom-right-radius:0px;border-bottom-left-radius:0px;}.kadence-column19_d7a391-2e > .kt-inside-inner-col{column-gap:var(--global-kb-gap-sm, 1rem);}.kadence-column19_d7a391-2e > .kt-inside-inner-col{flex-direction:column;}.kadence-column19_d7a391-2e > .kt-inside-inner-col > .aligncenter{width:100%;}.kadence-column19_d7a391-2e > .kt-inside-inner-col:before{opacity:0.3;}.kadence-column19_d7a391-2e{position:relative;}@media all and (max-width: 1024px){.kadence-column19_d7a391-2e > .kt-inside-inner-col{flex-direction:column;justify-content:center;}}@media all and (max-width: 767px){.kadence-column19_d7a391-2e > .kt-inside-inner-col{flex-direction:column;justify-content:center;}}<\/style>\n<div class=\"wp-block-kadence-column kadence-column19_d7a391-2e\"><div class=\"kt-inside-inner-col\"><style>.wp-block-kadence-image.kb-image19_49bfd5-eb:not(.kb-specificity-added):not(.kb-extra-specificity-added){margin-top:0px;margin-bottom:0px;}.kb-image19_49bfd5-eb .kb-image-has-overlay:after{opacity:0.3;border-top-left-radius:400px;border-top-right-radius:400px;}.kb-image19_49bfd5-eb img.kb-img, .kb-image19_49bfd5-eb .kb-img img{border-top-left-radius:400px;border-top-right-radius:400px;}<\/style>\n<figure class=\"wp-block-kadence-image kb-image19_49bfd5-eb size-full kb-image-is-ratio-size\"><div class=\"kb-is-ratio-image kb-image-ratio-port34\"><img loading=\"lazy\" decoding=\"async\" width=\"355\" height=\"476\" src=\"https:\/\/hello-jane.fr\/wp-content\/uploads\/2025\/01\/Capture-decran-2024-08-31-172859.jpg\" alt=\"\" class=\"kb-img wp-image-51744\" srcset=\"https:\/\/hello-jane.fr\/wp-content\/uploads\/2025\/01\/Capture-decran-2024-08-31-172859.jpg 355w, https:\/\/hello-jane.fr\/wp-content\/uploads\/2025\/01\/Capture-decran-2024-08-31-172859-224x300.jpg 224w, https:\/\/hello-jane.fr\/wp-content\/uploads\/2025\/01\/Capture-decran-2024-08-31-172859-300x402.jpg 300w\" sizes=\"auto, (max-width: 355px) 100vw, 355px\" \/><\/div><\/figure>\n<\/div><\/div>\n\n\n<style>.kadence-column19_ad9da8-33 > .kt-inside-inner-col,.kadence-column19_ad9da8-33 > .kt-inside-inner-col:before{border-top-left-radius:0px;border-top-right-radius:0px;border-bottom-right-radius:0px;border-bottom-left-radius:0px;}.kadence-column19_ad9da8-33 > .kt-inside-inner-col{column-gap:var(--global-kb-gap-sm, 1rem);}.kadence-column19_ad9da8-33 > .kt-inside-inner-col{flex-direction:column;}.kadence-column19_ad9da8-33 > .kt-inside-inner-col > .aligncenter{width:100%;}.kadence-column19_ad9da8-33 > .kt-inside-inner-col:before{opacity:0.3;}.kadence-column19_ad9da8-33{position:relative;}@media all and (max-width: 1024px){.kadence-column19_ad9da8-33 > .kt-inside-inner-col{flex-direction:column;justify-content:center;}}@media all and (max-width: 767px){.kadence-column19_ad9da8-33 > .kt-inside-inner-col{flex-direction:column;justify-content:center;}}<\/style>\n<div class=\"wp-block-kadence-column kadence-column19_ad9da8-33\"><div class=\"kt-inside-inner-col\"><style>.wp-block-kadence-advancedheading.kt-adv-heading19_d2a5b9-18, .wp-block-kadence-advancedheading.kt-adv-heading19_d2a5b9-18[data-kb-block=\"kb-adv-heading19_d2a5b9-18\"]{margin-bottom:30px;font-style:normal;}.wp-block-kadence-advancedheading.kt-adv-heading19_d2a5b9-18 mark.kt-highlight, .wp-block-kadence-advancedheading.kt-adv-heading19_d2a5b9-18[data-kb-block=\"kb-adv-heading19_d2a5b9-18\"] mark.kt-highlight{font-style:normal;color:#f76a0c;-webkit-box-decoration-break:clone;box-decoration-break:clone;padding-top:0px;padding-right:0px;padding-bottom:0px;padding-left:0px;}<\/style>\n<h5 class=\"kt-adv-heading19_d2a5b9-18 wp-block-kadence-advancedheading\" data-kb-block=\"kb-adv-heading19_d2a5b9-18\">Passionn\u00e9e d'ART et d'autres jolies choses...<\/h5>\n\n\n<style>.wp-block-kadence-advancedheading.kt-adv-heading19_05788b-49, .wp-block-kadence-advancedheading.kt-adv-heading19_05788b-49[data-kb-block=\"kb-adv-heading19_05788b-49\"]{display:block;margin-bottom:20px;font-style:normal;}.wp-block-kadence-advancedheading.kt-adv-heading19_05788b-49 mark.kt-highlight, .wp-block-kadence-advancedheading.kt-adv-heading19_05788b-49[data-kb-block=\"kb-adv-heading19_05788b-49\"] mark.kt-highlight{font-style:normal;color:#f76a0c;-webkit-box-decoration-break:clone;box-decoration-break:clone;padding-top:0px;padding-right:0px;padding-bottom:0px;padding-left:0px;}<\/style>\n<span class=\"kt-adv-heading19_05788b-49 script wp-block-kadence-advancedheading\" data-kb-block=\"kb-adv-heading19_05788b-49\">Rencontrez Jennifer Beyer<\/span>\n\n\n<style>.wp-block-kadence-advancedheading.kt-adv-heading19_34aaae-9d, .wp-block-kadence-advancedheading.kt-adv-heading19_34aaae-9d[data-kb-block=\"kb-adv-heading19_34aaae-9d\"]{font-style:normal;letter-spacing:1px;}.wp-block-kadence-advancedheading.kt-adv-heading19_34aaae-9d mark.kt-highlight, .wp-block-kadence-advancedheading.kt-adv-heading19_34aaae-9d[data-kb-block=\"kb-adv-heading19_34aaae-9d\"] mark.kt-highlight{font-style:normal;color:#f76a0c;-webkit-box-decoration-break:clone;box-decoration-break:clone;padding-top:0px;padding-right:0px;padding-bottom:0px;padding-left:0px;}<\/style>\n<h2 class=\"kt-adv-heading19_34aaae-9d wp-block-kadence-advancedheading\" data-kb-block=\"kb-adv-heading19_34aaae-9d\">Un peu de moi...<\/h2>\n\n\n\n<p> JE SUIS JENNIFER (JENN O\u00d9 JENNIE POUR LES INTIMES), JE SUIS UNE FILLE D\u2019OCTOBRE ET UNE MAMAN DE TROIS JOLIES \u00c9TOILES (LAURA, TOMMY-LEE ET LOUISE).<\/p>\n\n\n\n<p> J\u2019ai 42 ans (d\u00e9j\u00e0 ^^) et je suis une grande passionn\u00e9e ! J\u2019aime les jolies choses, les fleurs, la d\u00e9coration, l\u2019Art, le tissage, la photographie, les livres, l\u2019\u00e9criture, les petits papiers, le scrap\u2019, la mode, le fromage, le caf\u00e9, la bi\u00e8re et les g\u00e2teaux au chocolat \ud83d\ude42 !<\/p>\n\n\n\n<p>Je suis aussi l'auteure du livre \"<a href=\"https:\/\/www.eyrolles.com\/Arts-Loisirs\/Livre\/ma-vie-en-scrap-9782212118575\/\" data-type=\"link\" data-id=\"https:\/\/www.eyrolles.com\/Arts-Loisirs\/Livre\/ma-vie-en-scrap-9782212118575\/\" target=\"_blank\" rel=\"noreferrer noopener\">Ma vie en scrap<\/a>'\" \u00e9dit\u00e9 par les \u00e9ditions Eyrolles. J'aimerai bien en \u00e9crire un suivant, une belle id\u00e9e qui va peut-\u00eatre se concr\u00e9tis\u00e9e bient\u00f4t ^^ ...<\/p>\n\n\n\n<p>Je suis une cr\u00e9ative dans l\u2019\u00e2me, j\u2019adore fabriquer de mes mains. Et je suis aussi une personne tr\u00e8s organis\u00e9e (oui, je sais, c\u2019est surprenant pour une cr\u00e9ative).<\/p>\n\n\n\n<p>Je vis en Bretagne, dans le Finist\u00e8re, pas tr\u00e8s loin de Brest.<\/p>\n\n\n\n<p>R\u00e9cemment, j\u2019ai recrois\u00e9 la route de quelques scrappeuses et une petite flamme s\u2019est rallum\u00e9e \u2665. Me voici donc \u00e0 vous \u00e9crire sur ce blog et \u00e0 partager mes premiers articles. Je suis plus que ravie, je ne fais pas de plans, on verra bien o\u00f9 tout cela me m\u00e8ne \ud83d\ude09 \u2026<\/p>\n\n\n\n<h5 class=\"wp-block-heading\">Suivez hello jane SUR les r\u00e9seaux !<\/h5>\n\n\n\n<div class=\"social-icons is-size-large is-style-plain is-shape-none has-text-align-left\">\n<a href=\"mailto:EMAIL\" target=\"_blank\" aria-label=\"Email\" rel=\"noopener\"><i class=\"fas fa-envelope\"><\/i><\/a>\n<a href=\"LINK\" target=\"_blank\" aria-label=\"Pinterest\" rel=\"noopener\"><i class=\"fab fa-pinterest\"><\/i><\/a>\n<a href=\"LINK\" target=\"_blank\" aria-label=\"Instagram\" rel=\"noopener\"><i class=\"fab fa-instagram\"><\/i><\/a>\n<a href=\"LINK\" target=\"_blank\" aria-label=\"TikTok\" rel=\"noopener\"><i class=\"fab fa-tiktok\"><\/i><\/a>\n<\/div>\n<\/div><\/div>\n\n<\/div><\/div>\n\n<style>.kb-row-layout-wrap.wp-block-kadence-rowlayout.kb-row-layout-id19_8d0963-06{margin-bottom:0px;}.kb-row-layout-id19_8d0963-06 > .kt-row-column-wrap{align-content:start;}:where(.kb-row-layout-id19_8d0963-06 > .kt-row-column-wrap) > .wp-block-kadence-column{justify-content:start;}.kb-row-layout-id19_8d0963-06 > .kt-row-column-wrap{column-gap:var(--global-kb-gap-md, 2rem);row-gap:var(--global-kb-gap-none, 0rem );max-width:1100px;margin-left:auto;margin-right:auto;padding-top:0em;padding-right:2em;padding-bottom:0em;padding-left:2em;grid-template-columns:minmax(0, 1fr);}.kb-row-layout-id19_8d0963-06 > .kt-row-layout-overlay{opacity:0.30;}@media all and (max-width: 1024px){.kb-row-layout-id19_8d0963-06 > .kt-row-column-wrap{grid-template-columns:minmax(0, 1fr);}}@media all and (max-width: 767px){.kb-row-layout-id19_8d0963-06 > .kt-row-column-wrap{grid-template-columns:minmax(0, 1fr);}}<\/style><div class=\"kb-row-layout-wrap kb-row-layout-id19_8d0963-06 alignnone wp-block-kadence-rowlayout\"><div class=\"kt-row-column-wrap kt-has-1-columns kt-row-layout-equal kt-tab-layout-inherit kt-mobile-layout-row kt-row-valign-top\">\n<style>.kadence-column19_fce7ca-19 > .kt-inside-inner-col,.kadence-column19_fce7ca-19 > .kt-inside-inner-col:before{border-top-left-radius:0px;border-top-right-radius:0px;border-bottom-right-radius:0px;border-bottom-left-radius:0px;}.kadence-column19_fce7ca-19 > .kt-inside-inner-col{column-gap:var(--global-kb-gap-sm, 1rem);}.kadence-column19_fce7ca-19 > .kt-inside-inner-col{flex-direction:column;}.kadence-column19_fce7ca-19 > .kt-inside-inner-col > .aligncenter{width:100%;}.kadence-column19_fce7ca-19 > .kt-inside-inner-col:before{opacity:0.3;}.kadence-column19_fce7ca-19{position:relative;}@media all and (max-width: 1024px){.kadence-column19_fce7ca-19 > .kt-inside-inner-col{flex-direction:column;justify-content:center;}}@media all and (max-width: 767px){.kadence-column19_fce7ca-19 > .kt-inside-inner-col{flex-direction:column;justify-content:center;}}<\/style>\n<div class=\"wp-block-kadence-column kadence-column19_fce7ca-19\"><div class=\"kt-inside-inner-col\">\n<h1 class=\"wp-block-heading has-text-align-center\">Si j\u2019\u00e9tais<\/h1>\n\n\n\n<hr class=\"wp-block-separator has-alpha-channel-opacity is-style-dots\"\/>\n\n\n\n<h4 class=\"wp-block-heading has-text-align-center\">UNE FLEUR<\/h4>\n\n\n\n<p class=\"has-text-align-center\">Une an\u00e9mone<\/p>\n\n\n\n<h4 class=\"wp-block-heading has-text-align-center\">UN FILM<\/h4>\n\n\n\n<p class=\"has-text-align-center\">La ligne verte<\/p>\n\n\n\n<h4 class=\"wp-block-heading has-text-align-center\">UN ANIMAL<\/h4>\n\n\n\n<p class=\"has-text-align-center\">Une hirondelle<\/p>\n\n\n\n<p class=\"has-text-align-center\"><strong>UN PAYS<\/strong><\/p>\n\n\n\n<p class=\"has-text-align-center\">Le Canada<\/p>\n\n\n\n<p class=\"has-text-align-center\"><strong>UNE BOISSON<\/strong><\/p>\n\n\n\n<p class=\"has-text-align-center\">Une pina colada<\/p>\n\n\n\n<p class=\"has-text-align-center\"><strong>UNE CHANSON<\/strong><\/p>\n\n\n\n<p class=\"has-text-align-center\">Radioactive d\u2019Imagine Dragon<\/p>\n\n\n\n<p><\/p>\n<\/div><\/div>\n\n<\/div><\/div>\n\n<style>.kb-row-layout-wrap.wp-block-kadence-rowlayout.kb-row-layout-id19_9202c0-ba{margin-bottom:60px;}.kb-row-layout-id19_9202c0-ba > .kt-row-column-wrap{align-content:start;}:where(.kb-row-layout-id19_9202c0-ba > .kt-row-column-wrap) > .wp-block-kadence-column{justify-content:start;}.kb-row-layout-id19_9202c0-ba > .kt-row-column-wrap{column-gap:var(--global-kb-gap-md, 2rem);row-gap:var(--global-kb-gap-md, 2rem);max-width:1100px;margin-left:auto;margin-right:auto;padding-top:0em;padding-right:2em;padding-bottom:0em;padding-left:2em;grid-template-columns:minmax(0, 1fr);}.kb-row-layout-id19_9202c0-ba > .kt-row-layout-overlay{opacity:0.30;}@media all and (max-width: 1024px){.kb-row-layout-id19_9202c0-ba > .kt-row-column-wrap{grid-template-columns:minmax(0, 1fr);}}@media all and (max-width: 767px){.kb-row-layout-id19_9202c0-ba > .kt-row-column-wrap{grid-template-columns:minmax(0, 1fr);}}<\/style><div class=\"kb-row-layout-wrap kb-row-layout-id19_9202c0-ba alignnone wp-block-kadence-rowlayout\"><div class=\"kt-row-column-wrap kt-has-1-columns kt-row-layout-equal kt-tab-layout-inherit kt-mobile-layout-row kt-row-valign-top\">\n<style>.kadence-column19_7569d8-1d > .kt-inside-inner-col{padding-top:4em;padding-right:2em;padding-bottom:4em;padding-left:2em;}.kadence-column19_7569d8-1d > .kt-inside-inner-col,.kadence-column19_7569d8-1d > .kt-inside-inner-col:before{border-top-left-radius:0px;border-top-right-radius:0px;border-bottom-right-radius:0px;border-bottom-left-radius:0px;}.kadence-column19_7569d8-1d > .kt-inside-inner-col{column-gap:var(--global-kb-gap-sm, 1rem);}.kadence-column19_7569d8-1d > .kt-inside-inner-col{flex-direction:column;}.kadence-column19_7569d8-1d > .kt-inside-inner-col > .aligncenter{width:100%;}.kadence-column19_7569d8-1d > .kt-inside-inner-col{background-color:var(--global-palette-7);}.kadence-column19_7569d8-1d > .kt-inside-inner-col:before{opacity:0.3;}.kadence-column19_7569d8-1d, .kadence-column19_7569d8-1d h1, .kadence-column19_7569d8-1d h2, .kadence-column19_7569d8-1d h3, .kadence-column19_7569d8-1d h4, .kadence-column19_7569d8-1d h5, .kadence-column19_7569d8-1d h6{color:var(--global-palette-2);}.kadence-column19_7569d8-1d{position:relative;}@media all and (max-width: 1024px){.kadence-column19_7569d8-1d > .kt-inside-inner-col{flex-direction:column;justify-content:center;}}@media all and (max-width: 767px){.kadence-column19_7569d8-1d > .kt-inside-inner-col{flex-direction:column;justify-content:center;}}<\/style>\n<div class=\"wp-block-kadence-column kadence-column19_7569d8-1d\"><div class=\"kt-inside-inner-col\"><style>.wp-block-kadence-advancedheading.kt-adv-heading19_532508-65, .wp-block-kadence-advancedheading.kt-adv-heading19_532508-65[data-kb-block=\"kb-adv-heading19_532508-65\"]{display:block;margin-bottom:15px;text-align:center;font-size:65px;font-style:normal;}.wp-block-kadence-advancedheading.kt-adv-heading19_532508-65 mark.kt-highlight, .wp-block-kadence-advancedheading.kt-adv-heading19_532508-65[data-kb-block=\"kb-adv-heading19_532508-65\"] mark.kt-highlight{font-style:normal;color:#f76a0c;-webkit-box-decoration-break:clone;box-decoration-break:clone;padding-top:0px;padding-right:0px;padding-bottom:0px;padding-left:0px;}<\/style>\n<span class=\"kt-adv-heading19_532508-65 script wp-block-kadence-advancedheading\" data-kb-block=\"kb-adv-heading19_532508-65\">Discutons ensemble !<\/span>\n\n\n<style>.wp-block-kadence-advancedheading.kt-adv-heading19_2d5864-63, .wp-block-kadence-advancedheading.kt-adv-heading19_2d5864-63[data-kb-block=\"kb-adv-heading19_2d5864-63\"]{margin-bottom:30px;text-align:center;font-style:normal;}.wp-block-kadence-advancedheading.kt-adv-heading19_2d5864-63 mark.kt-highlight, .wp-block-kadence-advancedheading.kt-adv-heading19_2d5864-63[data-kb-block=\"kb-adv-heading19_2d5864-63\"] mark.kt-highlight{font-style:normal;color:#f76a0c;-webkit-box-decoration-break:clone;box-decoration-break:clone;padding-top:0px;padding-right:0px;padding-bottom:0px;padding-left:0px;}<\/style>\n<h5 class=\"kt-adv-heading19_2d5864-63 wp-block-kadence-advancedheading\" data-kb-block=\"kb-adv-heading19_2d5864-63\">Si vous avez des id\u00e9es, des questions o\u00f9 des suggestions,<\/h5>\n\n\n<style>.wp-block-kadence-advancedbtn.kb-btns19_544a35-20{gap:var(--global-kb-gap-xs, 0.5rem );justify-content:center;align-items:center;}.kt-btns19_544a35-20 .kt-button{font-weight:normal;font-style:normal;}.kt-btns19_544a35-20 .kt-btn-wrap-0{margin-right:5px;}.wp-block-kadence-advancedbtn.kt-btns19_544a35-20 .kt-btn-wrap-0 .kt-button{color:#555555;border-color:#555555;}.wp-block-kadence-advancedbtn.kt-btns19_544a35-20 .kt-btn-wrap-0 .kt-button:hover, .wp-block-kadence-advancedbtn.kt-btns19_544a35-20 .kt-btn-wrap-0 .kt-button:focus{color:#ffffff;border-color:#444444;}.wp-block-kadence-advancedbtn.kt-btns19_544a35-20 .kt-btn-wrap-0 .kt-button::before{display:none;}.wp-block-kadence-advancedbtn.kt-btns19_544a35-20 .kt-btn-wrap-0 .kt-button:hover, .wp-block-kadence-advancedbtn.kt-btns19_544a35-20 .kt-btn-wrap-0 .kt-button:focus{background:#444444;}<\/style>\n<div class=\"wp-block-kadence-advancedbtn kb-buttons-wrap kb-btns19_544a35-20\"><style>ul.menu .wp-block-kadence-advancedbtn .kb-btn19_b255df-ef.kb-button{width:initial;}.wp-block-kadence-advancedbtn .kb-btn19_b255df-ef.kb-button{background:#775555;font-size:var(--global-kb-font-size-sm, 0.9rem);}<\/style><a class=\"kb-button kt-button button kb-btn19_b255df-ef kt-btn-size-standard kt-btn-width-type-auto kb-btn-global-fill kt-btn-has-text-true kt-btn-has-svg-false wp-block-kadence-singlebtn\" href=\"https:\/\/hello-jane.fr\/index.php\/newsletter\/\" target=\"_blank\" rel=\"noreferrer noopener\"><span class=\"kt-btn-inner-text\">N'h\u00e9sitez pas \ud83d\ude09<\/span><\/a><\/div>\n<\/div><\/div>\n\n<\/div><\/div>","protected":false},"excerpt":{"rendered":"<p>Passionn\u00e9e d'ART et d'autres jolies choses... Rencontrez Jennifer Beyer Un peu de moi... JE SUIS JENNIFER (JENN O\u00d9 JENNIE POUR LES INTIMES), JE SUIS UNE FILLE D\u2019OCTOBRE ET UNE MAMAN DE TROIS JOLIES \u00c9TOILES (LAURA, TOMMY-LEE ET LOUISE). J\u2019ai 42 ans (d\u00e9j\u00e0 ^^) et je suis une grande passionn\u00e9e ! J\u2019aime les jolies choses, les...<\/p>\n","protected":false},"author":1,"featured_media":0,"parent":0,"menu_order":0,"comment_status":"closed","ping_status":"closed","template":"page-templates\/full-width-content.php","meta":{"footnotes":""},"class_list":["post-19","page","type-page","status-publish","hentry","entry-even"],"_links":{"self":[{"href":"https:\/\/hello-jane.fr\/index.php\/wp-json\/wp\/v2\/pages\/19","targetHints":{"allow":["GET"]}}],"collection":[{"href":"https:\/\/hello-jane.fr\/index.php\/wp-json\/wp\/v2\/pages"}],"about":[{"href":"https:\/\/hello-jane.fr\/index.php\/wp-json\/wp\/v2\/types\/page"}],"author":[{"embeddable":true,"href":"https:\/\/hello-jane.fr\/index.php\/wp-json\/wp\/v2\/users\/1"}],"replies":[{"embeddable":true,"href":"https:\/\/hello-jane.fr\/index.php\/wp-json\/wp\/v2\/comments?post=19"}],"version-history":[{"count":12,"href":"https:\/\/hello-jane.fr\/index.php\/wp-json\/wp\/v2\/pages\/19\/revisions"}],"predecessor-version":[{"id":51855,"href":"https:\/\/hello-jane.fr\/index.php\/wp-json\/wp\/v2\/pages\/19\/revisions\/51855"}],"wp:attachment":[{"href":"https:\/\/hello-jane.fr\/index.php\/wp-json\/wp\/v2\/media?parent=19"}],"curies":[{"name":"wp","href":"https:\/\/api.w.org\/{rel}","templated":true}]}}