{"id":51306,"date":"2023-12-08T12:28:38","date_gmt":"2023-12-08T12:28:38","guid":{"rendered":"https:\/\/lillia.demos-studiosaroya.com\/?page_id=51306"},"modified":"2025-01-27T16:07:08","modified_gmt":"2025-01-27T15:07:08","slug":"newsletter","status":"publish","type":"page","link":"https:\/\/hello-jane.fr\/index.php\/newsletter\/","title":{"rendered":"Newsletter"},"content":{"rendered":"<style>.kb-row-layout-id51306_1a98c5-d4 > .kt-row-column-wrap{align-content:start;}:where(.kb-row-layout-id51306_1a98c5-d4 > .kt-row-column-wrap) > .wp-block-kadence-column{justify-content:start;}.kb-row-layout-id51306_1a98c5-d4 > .kt-row-column-wrap{column-gap:var(--global-kb-gap-none, 0rem );row-gap:var(--global-kb-gap-none, 0rem );padding-top:0px;padding-right:0px;padding-bottom:0px;padding-left:0px;min-height:100vh;grid-template-columns:repeat(2, minmax(0, 1fr));}.kb-row-layout-id51306_1a98c5-d4 > .kt-row-layout-overlay{opacity:0.30;}@media all and (max-width: 1024px){.kb-row-layout-id51306_1a98c5-d4 > .kt-row-column-wrap{grid-template-columns:repeat(2, minmax(0, 1fr));}}@media all and (max-width: 767px){.kb-row-layout-id51306_1a98c5-d4 > .kt-row-column-wrap{grid-template-columns:minmax(0, 1fr);}.kb-row-layout-id51306_1a98c5-d4 > .kt-row-column-wrap > .wp-block-kadence-column:nth-of-type(1){order:2;}.kb-row-layout-id51306_1a98c5-d4 > .kt-row-column-wrap > .wp-block-kadence-column:nth-of-type(2){order:1;}.kb-row-layout-id51306_1a98c5-d4 > .kt-row-column-wrap > .wp-block-kadence-column:nth-of-type(3){order:12;}.kb-row-layout-id51306_1a98c5-d4 > .kt-row-column-wrap > .wp-block-kadence-column:nth-of-type(4){order:11;}.kb-row-layout-id51306_1a98c5-d4 > .kt-row-column-wrap > .wp-block-kadence-column:nth-of-type(5){order:22;}.kb-row-layout-id51306_1a98c5-d4 > .kt-row-column-wrap > .wp-block-kadence-column:nth-of-type(6){order:21;}.kb-row-layout-id51306_1a98c5-d4 > .kt-row-column-wrap > .wp-block-kadence-column:nth-of-type(7){order:32;}.kb-row-layout-id51306_1a98c5-d4 > .kt-row-column-wrap > .wp-block-kadence-column:nth-of-type(8){order:31;}}<\/style><div class=\"kb-row-layout-wrap kb-row-layout-id51306_1a98c5-d4 alignnone has-global-palette-5-background-color kt-row-has-bg wp-block-kadence-rowlayout\"><div class=\"kt-row-column-wrap kt-has-2-columns kt-row-layout-equal kt-tab-layout-inherit kt-mobile-layout-row kt-row-valign-top kt-inner-column-height-full\">\n<style>.kadence-column51306_f30b4b-51 > .kt-inside-inner-col{display:flex;}.kadence-column51306_f30b4b-51 > .kt-inside-inner-col,.kadence-column51306_f30b4b-51 > .kt-inside-inner-col:before{border-top-left-radius:0px;border-top-right-radius:0px;border-bottom-right-radius:0px;border-bottom-left-radius:0px;}.kadence-column51306_f30b4b-51 > .kt-inside-inner-col{column-gap:var(--global-kb-gap-sm, 1rem);}.kadence-column51306_f30b4b-51 > .kt-inside-inner-col{flex-direction:column;justify-content:center;}.kadence-column51306_f30b4b-51 > .kt-inside-inner-col > .aligncenter{width:100%;}.kt-row-column-wrap > .kadence-column51306_f30b4b-51{align-self:center;}.kt-inner-column-height-full:not(.kt-has-1-columns) > .wp-block-kadence-column.kadence-column51306_f30b4b-51{align-self:auto;}.kt-inner-column-height-full:not(.kt-has-1-columns) > .wp-block-kadence-column.kadence-column51306_f30b4b-51 > .kt-inside-inner-col{flex-direction:column;justify-content:center;}.kadence-column51306_f30b4b-51 > .kt-inside-inner-col{background-image:url('http:\/\/lillia.demos-studiosaroya.com\/wp-content\/uploads\/2023\/12\/toa-heftiba-RrMBp-__zlk-unsplash-scaled.webp');background-size:cover;background-position:center center;background-attachment:scroll;background-repeat:no-repeat;}.kadence-column51306_f30b4b-51 > .kt-inside-inner-col:before{opacity:0.3;}.kadence-column51306_f30b4b-51{position:relative;}@media all and (max-width: 1024px){.kt-row-column-wrap > .kadence-column51306_f30b4b-51{align-self:center;}}@media all and (max-width: 1024px){.kt-inner-column-height-full:not(.kt-has-1-columns) > .wp-block-kadence-column.kadence-column51306_f30b4b-51{align-self:auto;}}@media all and (max-width: 1024px){.kt-inner-column-height-full:not(.kt-has-1-columns) > .wp-block-kadence-column.kadence-column51306_f30b4b-51 > .kt-inside-inner-col{flex-direction:column;justify-content:center;}}@media all and (max-width: 1024px){.kadence-column51306_f30b4b-51 > .kt-inside-inner-col{flex-direction:column;justify-content:center;}}@media all and (max-width: 767px){.kadence-column51306_f30b4b-51 > .kt-inside-inner-col{min-height:400px;flex-direction:column;justify-content:center;}.kt-row-column-wrap > .kadence-column51306_f30b4b-51{align-self:center;}.kt-inner-column-height-full:not(.kt-has-1-columns) > .wp-block-kadence-column.kadence-column51306_f30b4b-51{align-self:auto;}.kt-inner-column-height-full:not(.kt-has-1-columns) > .wp-block-kadence-column.kadence-column51306_f30b4b-51 > .kt-inside-inner-col{flex-direction:column;justify-content:center;}}<\/style>\n<div class=\"wp-block-kadence-column kadence-column51306_f30b4b-51\"><div class=\"kt-inside-inner-col\">\n<figure class=\"wp-block-image size-full\"><img loading=\"lazy\" decoding=\"async\" width=\"1024\" height=\"1024\" src=\"https:\/\/hello-jane.fr\/wp-content\/uploads\/2025\/01\/SIMPLE-2.jpg\" alt=\"\" class=\"wp-image-51764\" srcset=\"https:\/\/hello-jane.fr\/wp-content\/uploads\/2025\/01\/SIMPLE-2.jpg 1024w, https:\/\/hello-jane.fr\/wp-content\/uploads\/2025\/01\/SIMPLE-2-300x300.jpg 300w, https:\/\/hello-jane.fr\/wp-content\/uploads\/2025\/01\/SIMPLE-2-150x150.jpg 150w, https:\/\/hello-jane.fr\/wp-content\/uploads\/2025\/01\/SIMPLE-2-768x768.jpg 768w, https:\/\/hello-jane.fr\/wp-content\/uploads\/2025\/01\/SIMPLE-2-600x600.jpg 600w, https:\/\/hello-jane.fr\/wp-content\/uploads\/2025\/01\/SIMPLE-2-900x900.jpg 900w, https:\/\/hello-jane.fr\/wp-content\/uploads\/2025\/01\/SIMPLE-2-450x450.jpg 450w, https:\/\/hello-jane.fr\/wp-content\/uploads\/2025\/01\/SIMPLE-2-700x700.jpg 700w\" sizes=\"auto, (max-width: 1024px) 100vw, 1024px\" \/><\/figure>\n<\/div><\/div>\n\n\n<style>.kadence-column51306_108c7c-ac > .kt-inside-inner-col{display:flex;}.kadence-column51306_108c7c-ac > .kt-inside-inner-col,.kadence-column51306_108c7c-ac > .kt-inside-inner-col:before{border-top-left-radius:0px;border-top-right-radius:0px;border-bottom-right-radius:0px;border-bottom-left-radius:0px;}.kadence-column51306_108c7c-ac > .kt-inside-inner-col{column-gap:var(--global-kb-gap-sm, 1rem);}.kadence-column51306_108c7c-ac > .kt-inside-inner-col{flex-direction:column;justify-content:center;}.kadence-column51306_108c7c-ac > .kt-inside-inner-col > .aligncenter{width:100%;}.kt-row-column-wrap > .kadence-column51306_108c7c-ac{align-self:center;}.kt-inner-column-height-full:not(.kt-has-1-columns) > .wp-block-kadence-column.kadence-column51306_108c7c-ac{align-self:auto;}.kt-inner-column-height-full:not(.kt-has-1-columns) > .wp-block-kadence-column.kadence-column51306_108c7c-ac > .kt-inside-inner-col{flex-direction:column;justify-content:center;}.kadence-column51306_108c7c-ac > .kt-inside-inner-col:before{opacity:0.3;}.kadence-column51306_108c7c-ac{position:relative;}@media all and (max-width: 1024px){.kadence-column51306_108c7c-ac > .kt-inside-inner-col{padding-right:2px;padding-left:2px;flex-direction:column;justify-content:center;}}@media all and (max-width: 1024px){.kt-row-column-wrap > .kadence-column51306_108c7c-ac{align-self:center;}}@media all and (max-width: 1024px){.kt-inner-column-height-full:not(.kt-has-1-columns) > .wp-block-kadence-column.kadence-column51306_108c7c-ac{align-self:auto;}}@media all and (max-width: 1024px){.kt-inner-column-height-full:not(.kt-has-1-columns) > .wp-block-kadence-column.kadence-column51306_108c7c-ac > .kt-inside-inner-col{flex-direction:column;justify-content:center;}}@media all and (max-width: 767px){.kt-row-column-wrap > .kadence-column51306_108c7c-ac{align-self:center;}.kt-inner-column-height-full:not(.kt-has-1-columns) > .wp-block-kadence-column.kadence-column51306_108c7c-ac{align-self:auto;}.kt-inner-column-height-full:not(.kt-has-1-columns) > .wp-block-kadence-column.kadence-column51306_108c7c-ac > .kt-inside-inner-col{flex-direction:column;justify-content:center;}.kadence-column51306_108c7c-ac > .kt-inside-inner-col{flex-direction:column;justify-content:center;}}<\/style>\n<div class=\"wp-block-kadence-column kadence-column51306_108c7c-ac has-white-background\"><div class=\"kt-inside-inner-col\"><style>.kb-row-layout-id51306_c88242-9f > .kt-row-column-wrap{align-content:start;}:where(.kb-row-layout-id51306_c88242-9f > .kt-row-column-wrap) > .wp-block-kadence-column{justify-content:start;}.kb-row-layout-id51306_c88242-9f > .kt-row-column-wrap{column-gap:var(--global-kb-gap-md, 2rem);row-gap:var(--global-kb-gap-md, 2rem);max-width:600px;margin-left:auto;margin-right:auto;padding-top:5em;padding-right:2em;padding-bottom:5em;padding-left:2em;grid-template-columns:minmax(0, 1fr);}.kb-row-layout-id51306_c88242-9f > .kt-row-layout-overlay{opacity:0.30;}@media all and (max-width: 1024px){.kb-row-layout-id51306_c88242-9f > .kt-row-column-wrap{grid-template-columns:minmax(0, 1fr);}}@media all and (max-width: 767px){.kb-row-layout-id51306_c88242-9f > .kt-row-column-wrap{grid-template-columns:minmax(0, 1fr);}}<\/style><div class=\"kb-row-layout-wrap kb-row-layout-id51306_c88242-9f alignnone wp-block-kadence-rowlayout\"><div class=\"kt-row-column-wrap kt-has-1-columns kt-row-layout-equal kt-tab-layout-inherit kt-mobile-layout-row kt-row-valign-top\">\n<style>.kadence-column51306_6d39af-0d > .kt-inside-inner-col,.kadence-column51306_6d39af-0d > .kt-inside-inner-col:before{border-top-left-radius:0px;border-top-right-radius:0px;border-bottom-right-radius:0px;border-bottom-left-radius:0px;}.kadence-column51306_6d39af-0d > .kt-inside-inner-col{column-gap:var(--global-kb-gap-sm, 1rem);}.kadence-column51306_6d39af-0d > .kt-inside-inner-col{flex-direction:column;}.kadence-column51306_6d39af-0d > .kt-inside-inner-col > .aligncenter{width:100%;}.kadence-column51306_6d39af-0d > .kt-inside-inner-col:before{opacity:0.3;}.kadence-column51306_6d39af-0d{position:relative;}@media all and (max-width: 1024px){.kadence-column51306_6d39af-0d > .kt-inside-inner-col{flex-direction:column;justify-content:center;}}@media all and (max-width: 767px){.kadence-column51306_6d39af-0d > .kt-inside-inner-col{flex-direction:column;justify-content:center;}}<\/style>\n<div class=\"wp-block-kadence-column kadence-column51306_6d39af-0d\"><div class=\"kt-inside-inner-col\"><style>.wp-block-kadence-advancedheading.kt-adv-heading51306_aa40f0-60, .wp-block-kadence-advancedheading.kt-adv-heading51306_aa40f0-60[data-kb-block=\"kb-adv-heading51306_aa40f0-60\"]{text-align:center;font-style:normal;}.wp-block-kadence-advancedheading.kt-adv-heading51306_aa40f0-60 mark.kt-highlight, .wp-block-kadence-advancedheading.kt-adv-heading51306_aa40f0-60[data-kb-block=\"kb-adv-heading51306_aa40f0-60\"] mark.kt-highlight{font-style:normal;color:#f76a0c;-webkit-box-decoration-break:clone;box-decoration-break:clone;padding-top:0px;padding-right:0px;padding-bottom:0px;padding-left:0px;}<\/style>\n<h5 class=\"kt-adv-heading51306_aa40f0-60 wp-block-kadence-advancedheading\" data-kb-block=\"kb-adv-heading51306_aa40f0-60\">OUVERTURE PROCHAINE !<\/h5>\n\n\n<style>.wp-block-kadence-advancedheading.kt-adv-heading51306_6b110e-5e, .wp-block-kadence-advancedheading.kt-adv-heading51306_6b110e-5e[data-kb-block=\"kb-adv-heading51306_6b110e-5e\"]{margin-bottom:40px;text-align:center;font-style:normal;}.wp-block-kadence-advancedheading.kt-adv-heading51306_6b110e-5e mark.kt-highlight, .wp-block-kadence-advancedheading.kt-adv-heading51306_6b110e-5e[data-kb-block=\"kb-adv-heading51306_6b110e-5e\"] mark.kt-highlight{font-style:normal;color:#f76a0c;-webkit-box-decoration-break:clone;box-decoration-break:clone;padding-top:0px;padding-right:0px;padding-bottom:0px;padding-left:0px;}<\/style>\n<h1 class=\"kt-adv-heading51306_6b110e-5e wp-block-kadence-advancedheading\" data-kb-block=\"kb-adv-heading51306_6b110e-5e\">N'h\u00e9sitez pas \u00e0 vous inscrire pour \u00eatre informer de l'ouverture de la boutique \ud83d\ude09 !<\/h1>\n\n\n\n<div class=\"form-wrapper signup-form-column form-align-center has-white-background\">\n<form action=\"FORM-LINK\" class=\"signup-form flexbox\" method=\"post\" target=\"_blank\">\n<input type=\"email\" name=\"EMAIL\" placeholder=\"ton e-mail\" value=\"\" required \/>\n<input type=\"submit\" value=\"je m'abonne\" \/>\n<\/form>\n<\/div>\n\n\n<style>.wp-block-kadence-advancedheading.kt-adv-heading51306_896764-7b, .wp-block-kadence-advancedheading.kt-adv-heading51306_896764-7b[data-kb-block=\"kb-adv-heading51306_896764-7b\"]{margin-top:50px;margin-bottom:20px;text-align:center;font-style:normal;}.wp-block-kadence-advancedheading.kt-adv-heading51306_896764-7b mark.kt-highlight, .wp-block-kadence-advancedheading.kt-adv-heading51306_896764-7b[data-kb-block=\"kb-adv-heading51306_896764-7b\"] mark.kt-highlight{font-style:normal;color:#f76a0c;-webkit-box-decoration-break:clone;box-decoration-break:clone;padding-top:0px;padding-right:0px;padding-bottom:0px;padding-left:0px;}<\/style>\n<h5 class=\"kt-adv-heading51306_896764-7b wp-block-kadence-advancedheading\" data-kb-block=\"kb-adv-heading51306_896764-7b\">Suivez-moi sur les r\u00e9seaux ...<\/h5>\n\n\n\n<div class=\"social-icons is-size-large is-style-plain is-shape-none has-text-align-center\">\n<a href=\"mailto:EMAIL\" target=\"_blank\" aria-label=\"Email\" rel=\"noopener\"><i class=\"fas fa-envelope\"><\/i><\/a>\n<a href=\"LINK\" target=\"_blank\" aria-label=\"Pinterest\" rel=\"noopener\"><i class=\"fab fa-pinterest\"><\/i><\/a>\n<a href=\"LINK\" target=\"_blank\" aria-label=\"Instagram\" rel=\"noopener\"><i class=\"fab fa-instagram\"><\/i><\/a>\n<a href=\"LINK\" target=\"_blank\" aria-label=\"TikTok\" rel=\"noopener\"><i class=\"fab fa-tiktok\"><\/i><\/a>\n<\/div>\n<\/div><\/div>\n\n<\/div><\/div><\/div><\/div>\n\n<\/div><\/div>","protected":false},"excerpt":{"rendered":"<p>OUVERTURE PROCHAINE ! N'h\u00e9sitez pas \u00e0 vous inscrire pour \u00eatre informer de l'ouverture de la boutique \ud83d\ude09 ! Suivez-moi sur les r\u00e9seaux ...<\/p>\n","protected":false},"author":1,"featured_media":0,"parent":0,"menu_order":0,"comment_status":"closed","ping_status":"closed","template":"page-templates\/blank-page.php","meta":{"footnotes":""},"class_list":["post-51306","page","type-page","status-publish","hentry","entry-even"],"_links":{"self":[{"href":"https:\/\/hello-jane.fr\/index.php\/wp-json\/wp\/v2\/pages\/51306","targetHints":{"allow":["GET"]}}],"collection":[{"href":"https:\/\/hello-jane.fr\/index.php\/wp-json\/wp\/v2\/pages"}],"about":[{"href":"https:\/\/hello-jane.fr\/index.php\/wp-json\/wp\/v2\/types\/page"}],"author":[{"embeddable":true,"href":"https:\/\/hello-jane.fr\/index.php\/wp-json\/wp\/v2\/users\/1"}],"replies":[{"embeddable":true,"href":"https:\/\/hello-jane.fr\/index.php\/wp-json\/wp\/v2\/comments?post=51306"}],"version-history":[{"count":6,"href":"https:\/\/hello-jane.fr\/index.php\/wp-json\/wp\/v2\/pages\/51306\/revisions"}],"predecessor-version":[{"id":51765,"href":"https:\/\/hello-jane.fr\/index.php\/wp-json\/wp\/v2\/pages\/51306\/revisions\/51765"}],"wp:attachment":[{"href":"https:\/\/hello-jane.fr\/index.php\/wp-json\/wp\/v2\/media?parent=51306"}],"curies":[{"name":"wp","href":"https:\/\/api.w.org\/{rel}","templated":true}]}}